{"id":245,"date":"2024-02-09T12:37:15","date_gmt":"2024-02-09T12:37:15","guid":{"rendered":"https:\/\/www.herseauto.com\/decarbonization\/"},"modified":"2024-12-06T08:58:00","modified_gmt":"2024-12-06T08:58:00","slug":"decarbonization","status":"publish","type":"page","link":"https:\/\/www.herseauto.com\/en\/decarbonization\/","title":{"rendered":"CONTROLLER"},"content":{"rendered":"<p>[et_pb_section fb_built=&#8221;1&#8243; admin_label=&#8221;Header&#8221; _builder_version=&#8221;4.24.0&#8243; _module_preset=&#8221;default&#8221; background_image=&#8221;https:\/\/www.herseauto.com\/wp-content\/uploads\/2024\/02\/elevador.jpg&#8221; background_size=&#8221;initial&#8221; background_position=&#8221;bottom_right&#8221; custom_margin=&#8221;||||false|false&#8221; custom_padding=&#8221;0px||0px||false|false&#8221; global_colors_info=&#8221;{}&#8221;][et_pb_row column_structure=&#8221;3_4,1_4&#8243; _builder_version=&#8221;4.24.0&#8243; _module_preset=&#8221;default&#8221; custom_padding=&#8221;0px||0px||true|false&#8221; box_shadow_style=&#8221;preset4&#8243; box_shadow_horizontal=&#8221;-30vw&#8221; box_shadow_vertical=&#8221;0px&#8221; box_shadow_color=&#8221;#ffffff&#8221; global_colors_info=&#8221;{}&#8221;][et_pb_column type=&#8221;3_4&#8243; _builder_version=&#8221;4.24.0&#8243; _module_preset=&#8221;default&#8221; background_color=&#8221;#ffffff&#8221; custom_padding=&#8221;60px||0px||false|false&#8221; custom_padding_tablet=&#8221;||20px||false|false&#8221; custom_padding_phone=&#8221;&#8221; custom_padding_last_edited=&#8221;on|phone&#8221; global_colors_info=&#8221;{}&#8221;][et_pb_text _builder_version=&#8221;4.24.0&#8243; _module_preset=&#8221;default&#8221; header_font=&#8221;Bebas Neue||||||||&#8221; header_font_size=&#8221;150px&#8221; header_line_height=&#8221;0.9em&#8221; header_font_size_tablet=&#8221;80px&#8221; header_font_size_phone=&#8221;48px&#8221; header_font_size_last_edited=&#8221;on|tablet&#8221; header_line_height_tablet=&#8221;1em&#8221; header_line_height_phone=&#8221;&#8221; header_line_height_last_edited=&#8221;on|desktop&#8221; global_colors_info=&#8221;{}&#8221;]<\/p>\n<h1><span style=\"color: #000044;\">OXYHTECH<\/span><\/h1>\n<p>[\/et_pb_text][\/et_pb_column][et_pb_column type=&#8221;1_4&#8243; _builder_version=&#8221;4.16&#8243; _module_preset=&#8221;default&#8221; custom_padding_tablet=&#8221;50px||||false|false&#8221; custom_padding_phone=&#8221;&#8221; custom_padding_last_edited=&#8221;on|desktop&#8221; global_colors_info=&#8221;{}&#8221;][\/et_pb_column][\/et_pb_row][et_pb_row column_structure=&#8221;3_4,1_4&#8243; _builder_version=&#8221;4.16&#8243; _module_preset=&#8221;default&#8221; custom_padding=&#8221;0px||0px||true|false&#8221; box_shadow_style=&#8221;preset4&#8243; box_shadow_horizontal=&#8221;-30vw&#8221; box_shadow_vertical=&#8221;0px&#8221; box_shadow_color=&#8221;#ffffff&#8221; global_colors_info=&#8221;{}&#8221;][et_pb_column type=&#8221;3_4&#8243; _builder_version=&#8221;4.16&#8243; _module_preset=&#8221;default&#8221; background_color=&#8221;#ffffff&#8221; custom_padding=&#8221;60px||160px||false|false&#8221; custom_padding_tablet=&#8221;||20px||false|false&#8221; custom_padding_phone=&#8221;&#8221; custom_padding_last_edited=&#8221;on|phone&#8221; global_colors_info=&#8221;{}&#8221;][et_pb_text _builder_version=&#8221;4.24.0&#8243; _module_preset=&#8221;default&#8221; header_font=&#8221;Bebas Neue||||||||&#8221; header_font_size=&#8221;150px&#8221; header_line_height=&#8221;0.9em&#8221; custom_margin=&#8221;-46px||||false|false&#8221; header_font_size_tablet=&#8221;80px&#8221; header_font_size_phone=&#8221;48px&#8221; header_font_size_last_edited=&#8221;on|tablet&#8221; header_line_height_tablet=&#8221;1em&#8221; header_line_height_phone=&#8221;&#8221; header_line_height_last_edited=&#8221;on|desktop&#8221; global_colors_info=&#8221;{}&#8221;]<\/p>\n<h2><span style=\"color: #000044;\"><strong>DECARBONIZATION WITH HYDROGEN<\/strong><\/span><\/h2>\n<p>[\/et_pb_text][et_pb_image src=&#8221;https:\/\/www.herseauto.com\/wp-content\/uploads\/2024\/12\/Oxyhtech-Innovative-Technologies2.png&#8221; alt=&#8221;Oxyhtech-Innovative-Technologies Guijuelo&#8221; title_text=&#8221;Oxyhtech-Innovative-Technologies2&#8243; _builder_version=&#8221;4.24.0&#8243; _module_preset=&#8221;default&#8221; max_width=&#8221;100%&#8221; height=&#8221;220px&#8221; max_height=&#8221;1000px&#8221; global_colors_info=&#8221;{}&#8221;][\/et_pb_image][\/et_pb_column][et_pb_column type=&#8221;1_4&#8243; _builder_version=&#8221;4.16&#8243; _module_preset=&#8221;default&#8221; custom_padding_tablet=&#8221;50px||||false|false&#8221; custom_padding_phone=&#8221;&#8221; custom_padding_last_edited=&#8221;on|desktop&#8221; global_colors_info=&#8221;{}&#8221;][\/et_pb_column][\/et_pb_row][et_pb_row column_structure=&#8221;1_2,1_2&#8243; _builder_version=&#8221;4.24.0&#8243; _module_preset=&#8221;default&#8221; background_color=&#8221;#f6f6f6&#8243; custom_padding=&#8221;0px||0px|||&#8221; box_shadow_style=&#8221;preset4&#8243; box_shadow_horizontal=&#8221;-30vw&#8221; box_shadow_vertical=&#8221;0px&#8221; box_shadow_color=&#8221;#f6f6f6&#8243; global_colors_info=&#8221;{}&#8221;][et_pb_column type=&#8221;1_2&#8243; _builder_version=&#8221;4.24.0&#8243; _module_preset=&#8221;default&#8221; background_color=&#8221;RGBA(255,255,255,0)&#8221; global_colors_info=&#8221;{}&#8221;][et_pb_text _builder_version=&#8221;4.24.0&#8243; _module_preset=&#8221;default&#8221; background_color=&#8221;RGBA(255,255,255,0)&#8221; global_colors_info=&#8221;{}&#8221;]<\/p>\n<p><span style=\"color: #000000;\"><strong>Oxyhtech <\/strong><strong>engine decarbonizing machines <\/strong>use a highly efficient electrolysis process, dissociating the Oxygen and Hydrogen present in water, converting the latter into a gas called Oxyhydrogen (commonly called HHO gas or Brown&#8217;s gas).<\/span><\/p>\n<p><span style=\"color: #000000;\">The high calorific value of the oxyhydrogen gas injected into the engine causes the combustion temperature to increase rapidly, causing a controlled pyrolysis that removes, burns, decomposes and eliminates all accumulated carbon deposits in just 60 minutes.<\/span><\/p>\n<p><span style=\"color: #000000;\">The use of our machines is very convenient and suitable for all types of engines, whether cars, vans, agricultural machinery, boats, trucks, buses, generators, irrigation pumps, etc. It can be used in any engine regardless of the fossil fuel used: diesel, gasoline, LPG, biodiesel, etc.<\/span><\/p>\n<p>[\/et_pb_text][\/et_pb_column][et_pb_column type=&#8221;1_2&#8243; _builder_version=&#8221;4.16&#8243; _module_preset=&#8221;default&#8221; global_colors_info=&#8221;{}&#8221;][et_pb_image src=&#8221;https:\/\/www.herseauto.com\/wp-content\/uploads\/2024\/12\/CATEGORIA-DESCARBONIZADORAS-2.jpg&#8221; alt=&#8221;OXYTECH CATEGORIA-DESCARBONIZADORAS&#8221; title_text=&#8221;CATEGORIA-DESCARBONIZADORAS-2&#8243; _builder_version=&#8221;4.24.0&#8243; _module_preset=&#8221;default&#8221; global_colors_info=&#8221;{}&#8221;][\/et_pb_image][\/et_pb_column][\/et_pb_row][\/et_pb_section][et_pb_section fb_built=&#8221;1&#8243; admin_label=&#8221;About&#8221; _builder_version=&#8221;4.16&#8243; _module_preset=&#8221;default&#8221; background_enable_color=&#8221;off&#8221; use_background_color_gradient=&#8221;on&#8221; background_color_gradient_stops=&#8221;#f6f6f6 0%|#ffffff 100%&#8221; background_color_gradient_start=&#8221;#f6f6f6&#8243; background_color_gradient_end=&#8221;#ffffff&#8221; custom_padding=&#8221;0px||0px||true|false&#8221; global_colors_info=&#8221;{}&#8221;][et_pb_row column_structure=&#8221;1_2,1_2&#8243; _builder_version=&#8221;4.16&#8243; _module_preset=&#8221;default&#8221; global_colors_info=&#8221;{}&#8221;][et_pb_column type=&#8221;1_2&#8243; _builder_version=&#8221;4.16&#8243; _module_preset=&#8221;default&#8221; global_colors_info=&#8221;{}&#8221;][et_pb_image src=&#8221;https:\/\/www.herseauto.com\/wp-content\/uploads\/2024\/02\/egr-sucia.jpg&#8221; alt=&#8221;V\u00e1lvula sucia Taller mec\u00e1nico Guijuelo&#8221; title_text=&#8221;egr-sucia Taller mec\u00e1nico Guijuelo&#8221; _builder_version=&#8221;4.24.0&#8243; _module_preset=&#8221;default&#8221; global_colors_info=&#8221;{}&#8221;][\/et_pb_image][\/et_pb_column][et_pb_column type=&#8221;1_2&#8243; _builder_version=&#8221;4.16&#8243; _module_preset=&#8221;default&#8221; global_colors_info=&#8221;{}&#8221;][et_pb_text _builder_version=&#8221;4.24.0&#8243; _module_preset=&#8221;default&#8221; text_font=&#8221;||on||||||&#8221; text_font_size=&#8221;20px&#8221; text_line_height=&#8221;1.6em&#8221; text_font_size_tablet=&#8221;18px&#8221; text_font_size_phone=&#8221;16px&#8221; text_font_size_last_edited=&#8221;on|tablet&#8221; locked=&#8221;off&#8221; global_colors_info=&#8221;{}&#8221;]<\/p>\n<h2 class=\"title title-m\"><strong>Decarbonization, what is it?<\/strong><\/h2>\n<blockquote>\n<h1><span style=\"font-size: large;\">It is combustion, at the heart of your engine, that is responsible for carbon deposits in the cylinders, pistons, particulate filter, EGR valve and turbo.<\/span><\/h1>\n<h1><span style=\"font-size: large;\">Dirty parts prevent the engine from working properly. If carbon (soot) is not removed regularly, breakdowns occur, the cost of repairing which can be extremely high.<\/span><\/h1>\n<h1><span style=\"font-size: large;\">If your EGR valve is not well maintained, replacing it can cost you around \u20ac350. Count up to \u20ac2,000 for a turbo!<\/span><\/h1>\n<\/blockquote>\n<p>[\/et_pb_text][\/et_pb_column][\/et_pb_row][\/et_pb_section][et_pb_section fb_built=&#8221;1&#8243; admin_label=&#8221;Testimonials&#8221; _builder_version=&#8221;4.24.0&#8243; _module_preset=&#8221;default&#8221; background_color=&#8221;RGBA(255,255,255,0)&#8221; custom_padding=&#8221;||0px||false|false&#8221; locked=&#8221;off&#8221; global_colors_info=&#8221;{}&#8221;][et_pb_row _builder_version=&#8221;4.24.0&#8243; _module_preset=&#8221;default&#8221; background_color=&#8221;RGBA(255,255,255,0)&#8221; custom_padding=&#8221;0.2%||0.2%||true|false&#8221; global_colors_info=&#8221;{}&#8221;][et_pb_column type=&#8221;4_4&#8243; _builder_version=&#8221;4.16&#8243; _module_preset=&#8221;default&#8221; global_colors_info=&#8221;{}&#8221;][et_pb_divider show_divider=&#8221;off&#8221; _builder_version=&#8221;4.24.0&#8243; _module_preset=&#8221;default&#8221; background_color=&#8221;#000044&#8243; max_width=&#8221;300px&#8221; module_alignment=&#8221;center&#8221; height=&#8221;15px&#8221; global_colors_info=&#8221;{}&#8221;][\/et_pb_divider][et_pb_slider arrows_custom_color=&#8221;#000000&#8243; dot_nav_custom_color=&#8221;#e02b20&#8243; _builder_version=&#8221;4.24.0&#8243; _module_preset=&#8221;default&#8221; body_font=&#8221;||on||||||&#8221; body_text_color=&#8221;#2a2a2a&#8221; body_font_size=&#8221;24px&#8221; body_line_height=&#8221;1.8em&#8221; background_color=&#8221;RGBA(255,255,255,0)&#8221; custom_padding=&#8221;30px||80px||false|false&#8221; hover_enabled=&#8221;0&#8243; body_font_size_tablet=&#8221;18px&#8221; body_font_size_phone=&#8221;14px&#8221; body_font_size_last_edited=&#8221;on|phone&#8221; body_line_height_tablet=&#8221;1.6em&#8221; body_line_height_phone=&#8221;1.8em&#8221; body_line_height_last_edited=&#8221;off|tablet&#8221; body_text_shadow_style=&#8221;preset1&#8243; body_text_shadow_vertical_length=&#8221;0em&#8221; body_text_shadow_blur_strength=&#8221;0em&#8221; body_text_shadow_color=&#8221;rgba(0,0,0,0)&#8221; locked=&#8221;off&#8221; global_colors_info=&#8221;{}&#8221; sticky_enabled=&#8221;0&#8243;][et_pb_slide _builder_version=&#8221;4.24.0&#8243; _module_preset=&#8221;default&#8221; hover_enabled=&#8221;0&#8243; locked=&#8221;off&#8221; global_colors_info=&#8221;{}&#8221; sticky_transition=&#8221;on&#8221; sticky_enabled=&#8221;0&#8243;]<\/p>\n<p><span>If your EGR valve is not well maintained, replacing it can cost you around \u20ac350. Count up to \u20ac2,000 for a turbo!<\/span><\/p>\n<p style=\"font-family: bebas neue; font-size: 18px;\">Oxyhtech<\/p>\n<p>[\/et_pb_slide][et_pb_slide _builder_version=&#8221;4.24.0&#8243; _module_preset=&#8221;default&#8221; hover_enabled=&#8221;0&#8243; locked=&#8221;off&#8221; global_colors_info=&#8221;{}&#8221; sticky_transition=&#8221;on&#8221; sticky_enabled=&#8221;0&#8243;]<\/p>\n<p><span>Dirty parts prevent the engine from working properly.<\/span> <strong>If carbon (soot) is not removed regularly, breakdowns occur<\/strong>, <span>the cost of which can be extremely high to repair.<\/span><\/p>\n<p style=\"font-family: bebas neue; font-size: 18px;\">oxythtech<\/p>\n<p>[\/et_pb_slide][\/et_pb_slider][et_pb_divider show_divider=&#8221;off&#8221; _builder_version=&#8221;4.24.0&#8243; _module_preset=&#8221;default&#8221; background_color=&#8221;#000044&#8243; max_width=&#8221;300px&#8221; module_alignment=&#8221;center&#8221; height=&#8221;15px&#8221; custom_margin=&#8221;||19px||false|false&#8221; global_colors_info=&#8221;{}&#8221;][\/et_pb_divider][\/et_pb_column][\/et_pb_row][\/et_pb_section][et_pb_section fb_built=&#8221;1&#8243; admin_label=&#8221;Footer&#8221; _builder_version=&#8221;4.16&#8243; _module_preset=&#8221;default&#8221; background_color=&#8221;#000000&#8243; global_colors_info=&#8221;{}&#8221;][et_pb_row column_structure=&#8221;1_2,1_2&#8243; _builder_version=&#8221;4.24.0&#8243; _module_preset=&#8221;default&#8221; global_colors_info=&#8221;{}&#8221;][et_pb_column type=&#8221;1_2&#8243; _builder_version=&#8221;4.16&#8243; _module_preset=&#8221;default&#8221; global_colors_info=&#8221;{}&#8221;][et_pb_text _builder_version=&#8221;4.24.0&#8243; _module_preset=&#8221;default&#8221; text_font=&#8221;Bebas Neue||||||||&#8221; text_text_color=&#8221;#ffffff&#8221; text_font_size=&#8221;40px&#8221; text_letter_spacing=&#8221;0.05em&#8221; text_line_height=&#8221;1.2em&#8221; link_text_color=&#8221;#ffffff&#8221; header_3_font=&#8221;Bebas Neue||||||||&#8221; header_3_text_color=&#8221;rgba(255,255,255,0.48)&#8221; text_font_size_tablet=&#8221;30px&#8221; text_font_size_phone=&#8221;22px&#8221; text_font_size_last_edited=&#8221;on|tablet&#8221; global_colors_info=&#8221;{}&#8221;]<\/p>\n<h3>PHONE<\/h3>\n<p><a href=\"tel:923151788\">923 15 17 88<\/a><\/p>\n<p>[\/et_pb_text][et_pb_text _builder_version=&#8221;4.24.0&#8243; _module_preset=&#8221;default&#8221; text_font=&#8221;Bebas Neue||||||||&#8221; text_text_color=&#8221;#ffffff&#8221; text_font_size=&#8221;40px&#8221; text_letter_spacing=&#8221;0.05em&#8221; text_line_height=&#8221;1.2em&#8221; link_text_color=&#8221;#ea3900&#8243; header_3_font=&#8221;Bebas Neue||||||||&#8221; header_3_text_color=&#8221;rgba(255,255,255,0.48)&#8221; text_font_size_tablet=&#8221;30px&#8221; text_font_size_phone=&#8221;22px&#8221; text_font_size_last_edited=&#8221;on|tablet&#8221; global_colors_info=&#8221;{}&#8221;]<\/p>\n<h3>Email<\/h3>\n<p>CONTACT@HERSAUTO.COM<\/p>\n<p>[\/et_pb_text][et_pb_text _builder_version=&#8221;4.24.0&#8243; _module_preset=&#8221;default&#8221; text_font=&#8221;Bebas Neue||||||||&#8221; text_text_color=&#8221;#ffffff&#8221; text_font_size=&#8221;40px&#8221; text_letter_spacing=&#8221;0.05em&#8221; text_line_height=&#8221;1.2em&#8221; link_text_color=&#8221;#ea3900&#8243; header_3_font=&#8221;Bebas Neue||||||||&#8221; header_3_text_color=&#8221;rgba(255,255,255,0.48)&#8221; text_font_size_tablet=&#8221;30px&#8221; text_font_size_phone=&#8221;22px&#8221; text_font_size_last_edited=&#8221;on|tablet&#8221; global_colors_info=&#8221;{}&#8221;]<\/p>\n<h3>schedules<\/h3>\n<p><i class=\"fa fa-clock-o\"><\/i>Mon-Fri 8:30 &#8211; 19:30<\/p>\n<p>SAT 9:00 &#8211; 14:00 <span style=\"font-size: medium;\">(By appointment only)<\/span><\/p>\n<p>[\/et_pb_text][\/et_pb_column][et_pb_column type=&#8221;1_2&#8243; _builder_version=&#8221;4.16&#8243; _module_preset=&#8221;default&#8221; global_colors_info=&#8221;{}&#8221;][et_pb_code _builder_version=&#8221;4.24.0&#8243; _module_preset=&#8221;default&#8221; global_colors_info=&#8221;{}&#8221;]<iframe src=\"https:\/\/www.google.com\/maps\/embed?pb=!1m18!1m12!1m3!1d97009.19205691844!2d-5.8750220864252904!3d40.551811616468704!2m3!1f0!2f0!3f0!3m2!1i1024!2i768!4f13.1!3m3!1m2!1s0xd3f01db86683cad%3A0xd993e6a3d56f9a38!2sHERSEAUTO%20S.L!5e0!3m2!1ses!2ses!4v1707483209217!5m2!1ses!2ses\" width=\"600\" height=\"450\" style=\"border:0;\" allowfullscreen=\"\" loading=\"lazy\" referrerpolicy=\"no-referrer-when-downgrade\"><\/iframe>[\/et_pb_code][\/et_pb_column][\/et_pb_row][\/et_pb_section]<\/p>\n","protected":false},"excerpt":{"rendered":"<p>OXYHTECHDECARBONIZATION WITH HYDROGENOxyhtech engine decarbonizing machines use a highly efficient electrolysis process, dissociating the Oxygen and Hydrogen present in water, converting the latter into a gas called Oxyhydrogen (commonly called HHO gas or Brown&#8217;s gas). The high calorific value of the oxyhydrogen gas injected into the engine causes the combustion temperature to increase rapidly, causing [&hellip;]<\/p>\n","protected":false},"author":1,"featured_media":0,"parent":0,"menu_order":0,"comment_status":"closed","ping_status":"closed","template":"","meta":{"_et_pb_use_builder":"on","_et_pb_old_content":"","_et_gb_content_width":"","footnotes":""},"class_list":["post-245","page","type-page","status-publish","hentry"],"_links":{"self":[{"href":"https:\/\/www.herseauto.com\/en\/wp-json\/wp\/v2\/pages\/245","targetHints":{"allow":["GET"]}}],"collection":[{"href":"https:\/\/www.herseauto.com\/en\/wp-json\/wp\/v2\/pages"}],"about":[{"href":"https:\/\/www.herseauto.com\/en\/wp-json\/wp\/v2\/types\/page"}],"author":[{"embeddable":true,"href":"https:\/\/www.herseauto.com\/en\/wp-json\/wp\/v2\/users\/1"}],"replies":[{"embeddable":true,"href":"https:\/\/www.herseauto.com\/en\/wp-json\/wp\/v2\/comments?post=245"}],"version-history":[{"count":24,"href":"https:\/\/www.herseauto.com\/en\/wp-json\/wp\/v2\/pages\/245\/revisions"}],"predecessor-version":[{"id":431,"href":"https:\/\/www.herseauto.com\/en\/wp-json\/wp\/v2\/pages\/245\/revisions\/431"}],"wp:attachment":[{"href":"https:\/\/www.herseauto.com\/en\/wp-json\/wp\/v2\/media?parent=245"}],"curies":[{"name":"wp","href":"https:\/\/api.w.org\/{rel}","templated":true}]}}